{"id":416,"date":"2022-06-23T00:35:45","date_gmt":"2022-06-22T22:35:45","guid":{"rendered":"http:\/\/sapiancetransition.com\/?page_id=416"},"modified":"2022-07-01T16:30:43","modified_gmt":"2022-07-01T14:30:43","slug":"nos-engagements","status":"publish","type":"page","link":"https:\/\/sapiancetransition.com\/index.php\/nos-engagements\/","title":{"rendered":"Nos engagements"},"content":{"rendered":"\n<div class=\"wp-block-group\"><div class=\"wp-block-group__inner-container is-layout-flow wp-block-group-is-layout-flow\">\n<div class=\"wp-block-group\"><div class=\"wp-block-group__inner-container is-layout-flow wp-block-group-is-layout-flow\">\n<div class=\"wp-block-group alignwide\"><div class=\"wp-block-group__inner-container is-layout-flow wp-block-group-is-layout-flow\">\n<div class=\"wp-block-columns alignwide are-vertically-aligned-center has-neve-link-color-color has-text-color is-layout-flex wp-container-core-columns-is-layout-9d6595d7 wp-block-columns-is-layout-flex\">\n<div class=\"wp-block-column is-layout-flow wp-block-column-is-layout-flow\" style=\"flex-basis:66.66%\">\n<div class=\"wp-block-group is-vertical is-layout-flex wp-container-core-group-is-layout-8cf370e7 wp-block-group-is-layout-flex\">\n<p class=\"has-neve-text-color-color has-text-color\" style=\"font-size:17px\">\u2022  Nous pr\u00e9sentons une short-list d\u2019experts en moins d\u2019une semaine, engag\u00e9s pour une dur\u00e9e d\u00e9termin\u00e9e.<\/p>\n\n\n\n<p class=\"has-neve-text-color-color has-text-color\" style=\"font-size:17px\">\u2022  Une \u00e9quipe d\u00e9di\u00e9e sp\u00e9cialiste du secteur ou de la fonction.\u00a0<\/p>\n\n\n\n<p class=\"has-neve-text-color-color has-text-color\" style=\"font-size:17px\">\u2022  Un accompagnement permanent tout au long de la mission de transition<\/p>\n\n\n\n<p class=\"has-neve-text-color-color has-text-color\" style=\"font-size:17px\">\u2022  Une m\u00e9thodologie garantissant c\u00e9l\u00e9rit\u00e9 &amp; efficacit\u00e9<\/p>\n\n\n\n<p class=\"has-neve-text-color-color has-text-color\" style=\"font-size:17px\">\u2022  Un vivier de candidats identifi\u00e9 et un r\u00e9seau solide \u00e0 Paris en en r\u00e9gion<\/p>\n\n\n\n<p class=\"has-neve-text-color-color has-text-color\" style=\"font-size:17px\">\u2022  Un sch\u00e9ma de valeurs fond\u00e9 sur la transparence du mod\u00e8le avec des partenaires fiables et sinc\u00e8res<\/p>\n\n\n\n<p class=\"has-neve-text-color-color has-text-color\">\u2022  Poursuivre la raison d\u2019\u00eatre de Sapiance. \u00ab D\u00e9fendre ensemble avec authenticit\u00e9 la diversit\u00e9 de nos candidats pour d\u00e9velopper durablement notre impact \u00e9conomique et social \u00bb<\/p>\n\n\n\n<p class=\"has-neve-text-color-color has-text-color\">\u2022  Rejoindre les entreprises \u00e0 impact<\/p>\n\n\n\n<p class=\"has-neve-text-color-color has-text-color\">\u2022  Un \u00e9co syst\u00e8me vertueux : S\u2019appuyer sur les expertises &amp; comp\u00e9tences du Groupe avec le soutien de Sapiance et d\u2019Adderus (une entit\u00e9 du groupe r\u00e9unissant des coachs experts)<\/p>\n\n\n\n<p class=\"has-neve-text-color-color has-text-color\">\u2022  Une \u00e9nergie sans faille et un enthousiasme contagieux<\/p>\n<\/div>\n<\/div>\n\n\n\n<div class=\"wp-block-column is-layout-flow wp-block-column-is-layout-flow\" style=\"flex-basis:33.33%\">\n<figure class=\"wp-block-image size-large\"><img loading=\"lazy\" decoding=\"async\" width=\"1024\" height=\"576\" src=\"https:\/\/sapiancetransition.com\/wp-content\/uploads\/2022\/06\/SAPIANCE_modernefemmetxt_171221-1-1024x576.jpg\" alt=\"\" class=\"wp-image-70\" srcset=\"https:\/\/sapiancetransition.com\/wp-content\/uploads\/2022\/06\/SAPIANCE_modernefemmetxt_171221-1-1024x576.jpg 1024w, https:\/\/sapiancetransition.com\/wp-content\/uploads\/2022\/06\/SAPIANCE_modernefemmetxt_171221-1-300x169.jpg 300w, https:\/\/sapiancetransition.com\/wp-content\/uploads\/2022\/06\/SAPIANCE_modernefemmetxt_171221-1-768x432.jpg 768w, https:\/\/sapiancetransition.com\/wp-content\/uploads\/2022\/06\/SAPIANCE_modernefemmetxt_171221-1-1536x864.jpg 1536w, https:\/\/sapiancetransition.com\/wp-content\/uploads\/2022\/06\/SAPIANCE_modernefemmetxt_171221-1-1568x882.jpg 1568w, https:\/\/sapiancetransition.com\/wp-content\/uploads\/2022\/06\/SAPIANCE_modernefemmetxt_171221-1.jpg 1920w\" sizes=\"auto, (max-width: 1024px) 100vw, 1024px\" \/><\/figure>\n\n\n\n<figure class=\"wp-block-image size-large\"><img loading=\"lazy\" decoding=\"async\" width=\"1024\" height=\"576\" src=\"https:\/\/sapiancetransition.com\/wp-content\/uploads\/2022\/06\/SAPIANCE_graphfemmetxt_171221-1024x576.jpg\" alt=\"\" class=\"wp-image-71\" srcset=\"https:\/\/sapiancetransition.com\/wp-content\/uploads\/2022\/06\/SAPIANCE_graphfemmetxt_171221-1024x576.jpg 1024w, https:\/\/sapiancetransition.com\/wp-content\/uploads\/2022\/06\/SAPIANCE_graphfemmetxt_171221-300x169.jpg 300w, https:\/\/sapiancetransition.com\/wp-content\/uploads\/2022\/06\/SAPIANCE_graphfemmetxt_171221-768x432.jpg 768w, https:\/\/sapiancetransition.com\/wp-content\/uploads\/2022\/06\/SAPIANCE_graphfemmetxt_171221-1536x864.jpg 1536w, https:\/\/sapiancetransition.com\/wp-content\/uploads\/2022\/06\/SAPIANCE_graphfemmetxt_171221-1568x882.jpg 1568w, https:\/\/sapiancetransition.com\/wp-content\/uploads\/2022\/06\/SAPIANCE_graphfemmetxt_171221.jpg 1920w\" sizes=\"auto, (max-width: 1024px) 100vw, 1024px\" \/><\/figure>\n<\/div>\n<\/div>\n\n\n\n<div class=\"wp-block-group\"><div class=\"wp-block-group__inner-container is-layout-flow wp-block-group-is-layout-flow\">\n<p><\/p>\n<\/div><\/div>\n<\/div><\/div>\n<\/div><\/div>\n<\/div><\/div>\n","protected":false},"excerpt":{"rendered":"<p>\u2022 Nous pr\u00e9sentons une short-list d\u2019experts en moins d\u2019une semaine, engag\u00e9s pour une dur\u00e9e d\u00e9termin\u00e9e. \u2022 Une \u00e9quipe d\u00e9di\u00e9e sp\u00e9cialiste du secteur ou de la fonction.\u00a0 \u2022 Un accompagnement permanent tout au long de la mission de transition \u2022 Une m\u00e9thodologie garantissant c\u00e9l\u00e9rit\u00e9 &amp; efficacit\u00e9 \u2022 Un vivier de candidats identifi\u00e9 et un r\u00e9seau solide&hellip;&nbsp;<a href=\"https:\/\/sapiancetransition.com\/index.php\/nos-engagements\/\" class=\"\" rel=\"bookmark\">Lire la suite &raquo;<span class=\"screen-reader-text\">Nos engagements<\/span><\/a><\/p>\n","protected":false},"author":1,"featured_media":0,"parent":0,"menu_order":0,"comment_status":"closed","ping_status":"closed","template":"","meta":{"neve_meta_sidebar":"default","neve_meta_container":"contained","neve_meta_enable_content_width":"","neve_meta_content_width":0,"neve_meta_title_alignment":"left","neve_meta_author_avatar":"","neve_post_elements_order":"","neve_meta_disable_header":"","neve_meta_disable_footer":"","neve_meta_disable_title":"","_ti_tpc_template_sync":false,"_ti_tpc_template_id":"","footnotes":""},"class_list":["post-416","page","type-page","status-publish","hentry"],"yoast_head":"<!-- This site is optimized with the Yoast SEO plugin v19.1 - https:\/\/yoast.com\/wordpress\/plugins\/seo\/ -->\n<title>Nos engagements -<\/title>\n<meta name=\"robots\" content=\"index, follow, max-snippet:-1, max-image-preview:large, max-video-preview:-1\" \/>\n<link rel=\"canonical\" href=\"https:\/\/sapiancetransition.com\/index.php\/nos-engagements\/\" \/>\n<meta property=\"og:locale\" content=\"fr_FR\" \/>\n<meta property=\"og:type\" content=\"article\" \/>\n<meta property=\"og:title\" content=\"Nos engagements -\" \/>\n<meta property=\"og:description\" content=\"\u2022 Nous pr\u00e9sentons une short-list d\u2019experts en moins d\u2019une semaine, engag\u00e9s pour une dur\u00e9e d\u00e9termin\u00e9e. \u2022 Une \u00e9quipe d\u00e9di\u00e9e sp\u00e9cialiste du secteur ou de la fonction.\u00a0 \u2022 Un accompagnement permanent tout au long de la mission de transition \u2022 Une m\u00e9thodologie garantissant c\u00e9l\u00e9rit\u00e9 &amp; efficacit\u00e9 \u2022 Un vivier de candidats identifi\u00e9 et un r\u00e9seau solide&hellip;&nbsp;Lire la suite &raquo;Nos engagements\" \/>\n<meta property=\"og:url\" content=\"https:\/\/sapiancetransition.com\/index.php\/nos-engagements\/\" \/>\n<meta property=\"article:modified_time\" content=\"2022-07-01T14:30:43+00:00\" \/>\n<meta property=\"og:image\" content=\"http:\/\/sapiancetransition.com\/wp-content\/uploads\/2022\/06\/SAPIANCE_modernefemmetxt_171221-1-1024x576.jpg\" \/>\n<meta name=\"twitter:card\" content=\"summary_large_image\" \/>\n<meta name=\"twitter:label1\" content=\"Dur\u00e9e de lecture estim\u00e9e\" \/>\n\t<meta name=\"twitter:data1\" content=\"2 minutes\" \/>\n<script type=\"application\/ld+json\" class=\"yoast-schema-graph\">{\"@context\":\"https:\/\/schema.org\",\"@graph\":[{\"@type\":\"Organization\",\"@id\":\"https:\/\/sapiancetransition.com\/#organization\",\"name\":\"Sapiance Transition\",\"url\":\"https:\/\/sapiancetransition.com\/\",\"sameAs\":[\"https:\/\/www.linkedin.com\/company\/sapiance-transition\/about\/?viewAsMember=true\"],\"logo\":{\"@type\":\"ImageObject\",\"inLanguage\":\"fr-FR\",\"@id\":\"https:\/\/sapiancetransition.com\/#\/schema\/logo\/image\/\",\"url\":\"https:\/\/sapiancetransition.com\/wp-content\/uploads\/2023\/02\/Logo-Sapiance-transition.jpg\",\"contentUrl\":\"https:\/\/sapiancetransition.com\/wp-content\/uploads\/2023\/02\/Logo-Sapiance-transition.jpg\",\"width\":2424,\"height\":612,\"caption\":\"Sapiance Transition\"},\"image\":{\"@id\":\"https:\/\/sapiancetransition.com\/#\/schema\/logo\/image\/\"}},{\"@type\":\"WebSite\",\"@id\":\"https:\/\/sapiancetransition.com\/#website\",\"url\":\"https:\/\/sapiancetransition.com\/\",\"name\":\"\",\"description\":\"Tout l&#039;esprit de Sapiance au service du management de Transition\",\"publisher\":{\"@id\":\"https:\/\/sapiancetransition.com\/#organization\"},\"potentialAction\":[{\"@type\":\"SearchAction\",\"target\":{\"@type\":\"EntryPoint\",\"urlTemplate\":\"https:\/\/sapiancetransition.com\/?s={search_term_string}\"},\"query-input\":\"required name=search_term_string\"}],\"inLanguage\":\"fr-FR\"},{\"@type\":\"ImageObject\",\"inLanguage\":\"fr-FR\",\"@id\":\"https:\/\/sapiancetransition.com\/index.php\/nos-engagements\/#primaryimage\",\"url\":\"http:\/\/sapiancetransition.com\/wp-content\/uploads\/2022\/06\/SAPIANCE_modernefemmetxt_171221-1-1024x576.jpg\",\"contentUrl\":\"http:\/\/sapiancetransition.com\/wp-content\/uploads\/2022\/06\/SAPIANCE_modernefemmetxt_171221-1-1024x576.jpg\"},{\"@type\":\"WebPage\",\"@id\":\"https:\/\/sapiancetransition.com\/index.php\/nos-engagements\/#webpage\",\"url\":\"https:\/\/sapiancetransition.com\/index.php\/nos-engagements\/\",\"name\":\"Nos engagements -\",\"isPartOf\":{\"@id\":\"https:\/\/sapiancetransition.com\/#website\"},\"primaryImageOfPage\":{\"@id\":\"https:\/\/sapiancetransition.com\/index.php\/nos-engagements\/#primaryimage\"},\"datePublished\":\"2022-06-22T22:35:45+00:00\",\"dateModified\":\"2022-07-01T14:30:43+00:00\",\"breadcrumb\":{\"@id\":\"https:\/\/sapiancetransition.com\/index.php\/nos-engagements\/#breadcrumb\"},\"inLanguage\":\"fr-FR\",\"potentialAction\":[{\"@type\":\"ReadAction\",\"target\":[\"https:\/\/sapiancetransition.com\/index.php\/nos-engagements\/\"]}]},{\"@type\":\"BreadcrumbList\",\"@id\":\"https:\/\/sapiancetransition.com\/index.php\/nos-engagements\/#breadcrumb\",\"itemListElement\":[{\"@type\":\"ListItem\",\"position\":1,\"name\":\"Accueil\",\"item\":\"https:\/\/sapiancetransition.com\/\"},{\"@type\":\"ListItem\",\"position\":2,\"name\":\"Nos engagements\"}]}]}<\/script>\n<!-- \/ Yoast SEO plugin. -->","yoast_head_json":{"title":"Nos engagements -","robots":{"index":"index","follow":"follow","max-snippet":"max-snippet:-1","max-image-preview":"max-image-preview:large","max-video-preview":"max-video-preview:-1"},"canonical":"https:\/\/sapiancetransition.com\/index.php\/nos-engagements\/","og_locale":"fr_FR","og_type":"article","og_title":"Nos engagements -","og_description":"\u2022 Nous pr\u00e9sentons une short-list d\u2019experts en moins d\u2019une semaine, engag\u00e9s pour une dur\u00e9e d\u00e9termin\u00e9e. \u2022 Une \u00e9quipe d\u00e9di\u00e9e sp\u00e9cialiste du secteur ou de la fonction.\u00a0 \u2022 Un accompagnement permanent tout au long de la mission de transition \u2022 Une m\u00e9thodologie garantissant c\u00e9l\u00e9rit\u00e9 &amp; efficacit\u00e9 \u2022 Un vivier de candidats identifi\u00e9 et un r\u00e9seau solide&hellip;&nbsp;Lire la suite &raquo;Nos engagements","og_url":"https:\/\/sapiancetransition.com\/index.php\/nos-engagements\/","article_modified_time":"2022-07-01T14:30:43+00:00","og_image":[{"url":"http:\/\/sapiancetransition.com\/wp-content\/uploads\/2022\/06\/SAPIANCE_modernefemmetxt_171221-1-1024x576.jpg"}],"twitter_card":"summary_large_image","twitter_misc":{"Dur\u00e9e de lecture estim\u00e9e":"2 minutes"},"schema":{"@context":"https:\/\/schema.org","@graph":[{"@type":"Organization","@id":"https:\/\/sapiancetransition.com\/#organization","name":"Sapiance Transition","url":"https:\/\/sapiancetransition.com\/","sameAs":["https:\/\/www.linkedin.com\/company\/sapiance-transition\/about\/?viewAsMember=true"],"logo":{"@type":"ImageObject","inLanguage":"fr-FR","@id":"https:\/\/sapiancetransition.com\/#\/schema\/logo\/image\/","url":"https:\/\/sapiancetransition.com\/wp-content\/uploads\/2023\/02\/Logo-Sapiance-transition.jpg","contentUrl":"https:\/\/sapiancetransition.com\/wp-content\/uploads\/2023\/02\/Logo-Sapiance-transition.jpg","width":2424,"height":612,"caption":"Sapiance Transition"},"image":{"@id":"https:\/\/sapiancetransition.com\/#\/schema\/logo\/image\/"}},{"@type":"WebSite","@id":"https:\/\/sapiancetransition.com\/#website","url":"https:\/\/sapiancetransition.com\/","name":"","description":"Tout l&#039;esprit de Sapiance au service du management de Transition","publisher":{"@id":"https:\/\/sapiancetransition.com\/#organization"},"potentialAction":[{"@type":"SearchAction","target":{"@type":"EntryPoint","urlTemplate":"https:\/\/sapiancetransition.com\/?s={search_term_string}"},"query-input":"required name=search_term_string"}],"inLanguage":"fr-FR"},{"@type":"ImageObject","inLanguage":"fr-FR","@id":"https:\/\/sapiancetransition.com\/index.php\/nos-engagements\/#primaryimage","url":"http:\/\/sapiancetransition.com\/wp-content\/uploads\/2022\/06\/SAPIANCE_modernefemmetxt_171221-1-1024x576.jpg","contentUrl":"http:\/\/sapiancetransition.com\/wp-content\/uploads\/2022\/06\/SAPIANCE_modernefemmetxt_171221-1-1024x576.jpg"},{"@type":"WebPage","@id":"https:\/\/sapiancetransition.com\/index.php\/nos-engagements\/#webpage","url":"https:\/\/sapiancetransition.com\/index.php\/nos-engagements\/","name":"Nos engagements -","isPartOf":{"@id":"https:\/\/sapiancetransition.com\/#website"},"primaryImageOfPage":{"@id":"https:\/\/sapiancetransition.com\/index.php\/nos-engagements\/#primaryimage"},"datePublished":"2022-06-22T22:35:45+00:00","dateModified":"2022-07-01T14:30:43+00:00","breadcrumb":{"@id":"https:\/\/sapiancetransition.com\/index.php\/nos-engagements\/#breadcrumb"},"inLanguage":"fr-FR","potentialAction":[{"@type":"ReadAction","target":["https:\/\/sapiancetransition.com\/index.php\/nos-engagements\/"]}]},{"@type":"BreadcrumbList","@id":"https:\/\/sapiancetransition.com\/index.php\/nos-engagements\/#breadcrumb","itemListElement":[{"@type":"ListItem","position":1,"name":"Accueil","item":"https:\/\/sapiancetransition.com\/"},{"@type":"ListItem","position":2,"name":"Nos engagements"}]}]}},"_links":{"self":[{"href":"https:\/\/sapiancetransition.com\/index.php\/wp-json\/wp\/v2\/pages\/416","targetHints":{"allow":["GET"]}}],"collection":[{"href":"https:\/\/sapiancetransition.com\/index.php\/wp-json\/wp\/v2\/pages"}],"about":[{"href":"https:\/\/sapiancetransition.com\/index.php\/wp-json\/wp\/v2\/types\/page"}],"author":[{"embeddable":true,"href":"https:\/\/sapiancetransition.com\/index.php\/wp-json\/wp\/v2\/users\/1"}],"replies":[{"embeddable":true,"href":"https:\/\/sapiancetransition.com\/index.php\/wp-json\/wp\/v2\/comments?post=416"}],"version-history":[{"count":15,"href":"https:\/\/sapiancetransition.com\/index.php\/wp-json\/wp\/v2\/pages\/416\/revisions"}],"predecessor-version":[{"id":567,"href":"https:\/\/sapiancetransition.com\/index.php\/wp-json\/wp\/v2\/pages\/416\/revisions\/567"}],"wp:attachment":[{"href":"https:\/\/sapiancetransition.com\/index.php\/wp-json\/wp\/v2\/media?parent=416"}],"curies":[{"name":"wp","href":"https:\/\/api.w.org\/{rel}","templated":true}]}}