{"id":368,"date":"2022-06-22T22:00:05","date_gmt":"2022-06-22T20:00:05","guid":{"rendered":"http:\/\/sapiancetransition.com\/?page_id=368"},"modified":"2022-06-24T09:51:16","modified_gmt":"2022-06-24T07:51:16","slug":"qui-sommes-nous","status":"publish","type":"page","link":"https:\/\/sapiancetransition.com\/index.php\/qui-sommes-nous\/","title":{"rendered":"Qui sommes-nous?"},"content":{"rendered":"\n<p class=\"has-neve-text-color-color has-text-color has-small-font-size\"><strong>Sapiance Transition est notre activit\u00e9 d\u00e9di\u00e9e \u00e0 la transition dont la promesse est de capitaliser :<\/strong><\/p>\n\n\n\n<div class=\"wp-block-group is-vertical is-layout-flex wp-container-core-group-is-layout-8cf370e7 wp-block-group-is-layout-flex\">\n<p class=\"has-drop-cap\" style=\"font-size:17px\">\u2022&nbsp;&nbsp;&nbsp;&nbsp;&nbsp;&nbsp;sur un historique de 17 ans de chasse de top managers afin d\u2019assurer le m\u00eame niveau d\u2019exigence d\u2019\u00e9valuation que celle du                        recrutement, en l\u2019adaptant au temps court de la Transition<\/p>\n\n\n\n<p style=\"font-size:17px\">\u2022&nbsp;&nbsp;&nbsp;&nbsp;&nbsp;&nbsp;sur notre capacit\u00e9 \u00e0 animer avec efficacit\u00e9 une communaut\u00e9 d\u2019entreprises et de candidats<\/p>\n<\/div>\n\n\n<div class=\"wp-block-image\">\n<figure class=\"alignright size-large is-resized\"><img loading=\"lazy\" decoding=\"async\" src=\"https:\/\/sapiancetransition.com\/wp-content\/uploads\/2022\/06\/home01-1024x681.jpg\" alt=\"\" class=\"wp-image-390\" width=\"352\" height=\"233\" srcset=\"https:\/\/sapiancetransition.com\/wp-content\/uploads\/2022\/06\/home01-1024x681.jpg 1024w, https:\/\/sapiancetransition.com\/wp-content\/uploads\/2022\/06\/home01-300x200.jpg 300w, https:\/\/sapiancetransition.com\/wp-content\/uploads\/2022\/06\/home01-768x511.jpg 768w, https:\/\/sapiancetransition.com\/wp-content\/uploads\/2022\/06\/home01-1536x1022.jpg 1536w, https:\/\/sapiancetransition.com\/wp-content\/uploads\/2022\/06\/home01-2048x1363.jpg 2048w\" sizes=\"auto, (max-width: 352px) 100vw, 352px\" \/><\/figure>\n<\/div>\n\n\n<p style=\"font-size:16px\">Sapiance Transition intervient dans des contextes de transformation \u00e0 forts enjeux : changement de gouvernance, cession, int\u00e9gration, redressement de situations critiques, management de crise, conduite du changement, gestion de projets, d\u00e9veloppement d\u2019activit\u00e9s (gestion de l\u2019innovation, cr\u00e9ation d\u2019une nouvelle activit\u00e9, implantation \u00e0 l\u2019\u00e9tranger, accompagnement de la croissance\u2026), Management relais (remplacement de managers momentan\u00e9ment indisponibles, renfort ponctuel de certaines fonctions ou comp\u00e9tences\u2026) etc&#8230;<\/p>\n\n\n\n<p style=\"font-size:16px\">Pour y r\u00e9pondre, nous nous appuyons sur notre r\u00e9seau de Managers de Transition de haut niveau de comp\u00e9tences op\u00e9rationnelles et manag\u00e9riales :&nbsp; Direction G\u00e9n\u00e9rale, Finance, Ressources Humaines, Marketing, Syst\u00e8mes d\u2019information et Op\u00e9rations (Supply Chain end to end)<\/p>\n\n\n\n<p class=\"has-small-font-size\"><\/p>\n","protected":false},"excerpt":{"rendered":"<p>Sapiance Transition est notre activit\u00e9 d\u00e9di\u00e9e \u00e0 la transition dont la promesse est de capitaliser : \u2022&nbsp;&nbsp;&nbsp;&nbsp;&nbsp;&nbsp;sur un historique de 17 ans de chasse de top managers afin d\u2019assurer le m\u00eame niveau d\u2019exigence d\u2019\u00e9valuation que celle du recrutement, en l\u2019adaptant au temps court de la Transition \u2022&nbsp;&nbsp;&nbsp;&nbsp;&nbsp;&nbsp;sur notre capacit\u00e9 \u00e0 animer avec efficacit\u00e9 une communaut\u00e9&hellip;&nbsp;<a href=\"https:\/\/sapiancetransition.com\/index.php\/qui-sommes-nous\/\" class=\"\" rel=\"bookmark\">Lire la suite &raquo;<span class=\"screen-reader-text\">Qui sommes-nous?<\/span><\/a><\/p>\n","protected":false},"author":1,"featured_media":0,"parent":0,"menu_order":0,"comment_status":"closed","ping_status":"closed","template":"","meta":{"neve_meta_sidebar":"","neve_meta_container":"","neve_meta_enable_content_width":"off","neve_meta_content_width":70,"neve_meta_title_alignment":"","neve_meta_author_avatar":"","neve_post_elements_order":"","neve_meta_disable_header":"","neve_meta_disable_footer":"","neve_meta_disable_title":"","_ti_tpc_template_sync":false,"_ti_tpc_template_id":"","footnotes":""},"class_list":["post-368","page","type-page","status-publish","hentry"],"yoast_head":"<!-- This site is optimized with the Yoast SEO plugin v19.1 - https:\/\/yoast.com\/wordpress\/plugins\/seo\/ -->\n<title>Qui sommes-nous? -<\/title>\n<meta name=\"robots\" content=\"index, follow, max-snippet:-1, max-image-preview:large, max-video-preview:-1\" \/>\n<link rel=\"canonical\" href=\"https:\/\/sapiancetransition.com\/index.php\/qui-sommes-nous\/\" \/>\n<meta property=\"og:locale\" content=\"fr_FR\" \/>\n<meta property=\"og:type\" content=\"article\" \/>\n<meta property=\"og:title\" content=\"Qui sommes-nous? -\" \/>\n<meta property=\"og:description\" content=\"Sapiance Transition est notre activit\u00e9 d\u00e9di\u00e9e \u00e0 la transition dont la promesse est de capitaliser : \u2022&nbsp;&nbsp;&nbsp;&nbsp;&nbsp;&nbsp;sur un historique de 17 ans de chasse de top managers afin d\u2019assurer le m\u00eame niveau d\u2019exigence d\u2019\u00e9valuation que celle du recrutement, en l\u2019adaptant au temps court de la Transition \u2022&nbsp;&nbsp;&nbsp;&nbsp;&nbsp;&nbsp;sur notre capacit\u00e9 \u00e0 animer avec efficacit\u00e9 une communaut\u00e9&hellip;&nbsp;Lire la suite &raquo;Qui sommes-nous?\" \/>\n<meta property=\"og:url\" content=\"https:\/\/sapiancetransition.com\/index.php\/qui-sommes-nous\/\" \/>\n<meta property=\"article:modified_time\" content=\"2022-06-24T07:51:16+00:00\" \/>\n<meta property=\"og:image\" content=\"http:\/\/sapiancetransition.com\/wp-content\/uploads\/2022\/06\/home01-1024x681.jpg\" \/>\n<meta name=\"twitter:card\" content=\"summary_large_image\" \/>\n<meta name=\"twitter:label1\" content=\"Dur\u00e9e de lecture estim\u00e9e\" \/>\n\t<meta name=\"twitter:data1\" content=\"1 minute\" \/>\n<script type=\"application\/ld+json\" class=\"yoast-schema-graph\">{\"@context\":\"https:\/\/schema.org\",\"@graph\":[{\"@type\":\"Organization\",\"@id\":\"https:\/\/sapiancetransition.com\/#organization\",\"name\":\"Sapiance Transition\",\"url\":\"https:\/\/sapiancetransition.com\/\",\"sameAs\":[\"https:\/\/www.linkedin.com\/company\/sapiance-transition\/about\/?viewAsMember=true\"],\"logo\":{\"@type\":\"ImageObject\",\"inLanguage\":\"fr-FR\",\"@id\":\"https:\/\/sapiancetransition.com\/#\/schema\/logo\/image\/\",\"url\":\"https:\/\/sapiancetransition.com\/wp-content\/uploads\/2023\/02\/Logo-Sapiance-transition.jpg\",\"contentUrl\":\"https:\/\/sapiancetransition.com\/wp-content\/uploads\/2023\/02\/Logo-Sapiance-transition.jpg\",\"width\":2424,\"height\":612,\"caption\":\"Sapiance Transition\"},\"image\":{\"@id\":\"https:\/\/sapiancetransition.com\/#\/schema\/logo\/image\/\"}},{\"@type\":\"WebSite\",\"@id\":\"https:\/\/sapiancetransition.com\/#website\",\"url\":\"https:\/\/sapiancetransition.com\/\",\"name\":\"\",\"description\":\"Tout l&#039;esprit de Sapiance au service du management de Transition\",\"publisher\":{\"@id\":\"https:\/\/sapiancetransition.com\/#organization\"},\"potentialAction\":[{\"@type\":\"SearchAction\",\"target\":{\"@type\":\"EntryPoint\",\"urlTemplate\":\"https:\/\/sapiancetransition.com\/?s={search_term_string}\"},\"query-input\":\"required name=search_term_string\"}],\"inLanguage\":\"fr-FR\"},{\"@type\":\"ImageObject\",\"inLanguage\":\"fr-FR\",\"@id\":\"https:\/\/sapiancetransition.com\/index.php\/qui-sommes-nous\/#primaryimage\",\"url\":\"http:\/\/sapiancetransition.com\/wp-content\/uploads\/2022\/06\/home01-1024x681.jpg\",\"contentUrl\":\"http:\/\/sapiancetransition.com\/wp-content\/uploads\/2022\/06\/home01-1024x681.jpg\"},{\"@type\":\"WebPage\",\"@id\":\"https:\/\/sapiancetransition.com\/index.php\/qui-sommes-nous\/#webpage\",\"url\":\"https:\/\/sapiancetransition.com\/index.php\/qui-sommes-nous\/\",\"name\":\"Qui sommes-nous? -\",\"isPartOf\":{\"@id\":\"https:\/\/sapiancetransition.com\/#website\"},\"primaryImageOfPage\":{\"@id\":\"https:\/\/sapiancetransition.com\/index.php\/qui-sommes-nous\/#primaryimage\"},\"datePublished\":\"2022-06-22T20:00:05+00:00\",\"dateModified\":\"2022-06-24T07:51:16+00:00\",\"breadcrumb\":{\"@id\":\"https:\/\/sapiancetransition.com\/index.php\/qui-sommes-nous\/#breadcrumb\"},\"inLanguage\":\"fr-FR\",\"potentialAction\":[{\"@type\":\"ReadAction\",\"target\":[\"https:\/\/sapiancetransition.com\/index.php\/qui-sommes-nous\/\"]}]},{\"@type\":\"BreadcrumbList\",\"@id\":\"https:\/\/sapiancetransition.com\/index.php\/qui-sommes-nous\/#breadcrumb\",\"itemListElement\":[{\"@type\":\"ListItem\",\"position\":1,\"name\":\"Accueil\",\"item\":\"https:\/\/sapiancetransition.com\/\"},{\"@type\":\"ListItem\",\"position\":2,\"name\":\"Qui sommes-nous?\"}]}]}<\/script>\n<!-- \/ Yoast SEO plugin. -->","yoast_head_json":{"title":"Qui sommes-nous? -","robots":{"index":"index","follow":"follow","max-snippet":"max-snippet:-1","max-image-preview":"max-image-preview:large","max-video-preview":"max-video-preview:-1"},"canonical":"https:\/\/sapiancetransition.com\/index.php\/qui-sommes-nous\/","og_locale":"fr_FR","og_type":"article","og_title":"Qui sommes-nous? -","og_description":"Sapiance Transition est notre activit\u00e9 d\u00e9di\u00e9e \u00e0 la transition dont la promesse est de capitaliser : \u2022&nbsp;&nbsp;&nbsp;&nbsp;&nbsp;&nbsp;sur un historique de 17 ans de chasse de top managers afin d\u2019assurer le m\u00eame niveau d\u2019exigence d\u2019\u00e9valuation que celle du recrutement, en l\u2019adaptant au temps court de la Transition \u2022&nbsp;&nbsp;&nbsp;&nbsp;&nbsp;&nbsp;sur notre capacit\u00e9 \u00e0 animer avec efficacit\u00e9 une communaut\u00e9&hellip;&nbsp;Lire la suite &raquo;Qui sommes-nous?","og_url":"https:\/\/sapiancetransition.com\/index.php\/qui-sommes-nous\/","article_modified_time":"2022-06-24T07:51:16+00:00","og_image":[{"url":"http:\/\/sapiancetransition.com\/wp-content\/uploads\/2022\/06\/home01-1024x681.jpg"}],"twitter_card":"summary_large_image","twitter_misc":{"Dur\u00e9e de lecture estim\u00e9e":"1 minute"},"schema":{"@context":"https:\/\/schema.org","@graph":[{"@type":"Organization","@id":"https:\/\/sapiancetransition.com\/#organization","name":"Sapiance Transition","url":"https:\/\/sapiancetransition.com\/","sameAs":["https:\/\/www.linkedin.com\/company\/sapiance-transition\/about\/?viewAsMember=true"],"logo":{"@type":"ImageObject","inLanguage":"fr-FR","@id":"https:\/\/sapiancetransition.com\/#\/schema\/logo\/image\/","url":"https:\/\/sapiancetransition.com\/wp-content\/uploads\/2023\/02\/Logo-Sapiance-transition.jpg","contentUrl":"https:\/\/sapiancetransition.com\/wp-content\/uploads\/2023\/02\/Logo-Sapiance-transition.jpg","width":2424,"height":612,"caption":"Sapiance Transition"},"image":{"@id":"https:\/\/sapiancetransition.com\/#\/schema\/logo\/image\/"}},{"@type":"WebSite","@id":"https:\/\/sapiancetransition.com\/#website","url":"https:\/\/sapiancetransition.com\/","name":"","description":"Tout l&#039;esprit de Sapiance au service du management de Transition","publisher":{"@id":"https:\/\/sapiancetransition.com\/#organization"},"potentialAction":[{"@type":"SearchAction","target":{"@type":"EntryPoint","urlTemplate":"https:\/\/sapiancetransition.com\/?s={search_term_string}"},"query-input":"required name=search_term_string"}],"inLanguage":"fr-FR"},{"@type":"ImageObject","inLanguage":"fr-FR","@id":"https:\/\/sapiancetransition.com\/index.php\/qui-sommes-nous\/#primaryimage","url":"http:\/\/sapiancetransition.com\/wp-content\/uploads\/2022\/06\/home01-1024x681.jpg","contentUrl":"http:\/\/sapiancetransition.com\/wp-content\/uploads\/2022\/06\/home01-1024x681.jpg"},{"@type":"WebPage","@id":"https:\/\/sapiancetransition.com\/index.php\/qui-sommes-nous\/#webpage","url":"https:\/\/sapiancetransition.com\/index.php\/qui-sommes-nous\/","name":"Qui sommes-nous? -","isPartOf":{"@id":"https:\/\/sapiancetransition.com\/#website"},"primaryImageOfPage":{"@id":"https:\/\/sapiancetransition.com\/index.php\/qui-sommes-nous\/#primaryimage"},"datePublished":"2022-06-22T20:00:05+00:00","dateModified":"2022-06-24T07:51:16+00:00","breadcrumb":{"@id":"https:\/\/sapiancetransition.com\/index.php\/qui-sommes-nous\/#breadcrumb"},"inLanguage":"fr-FR","potentialAction":[{"@type":"ReadAction","target":["https:\/\/sapiancetransition.com\/index.php\/qui-sommes-nous\/"]}]},{"@type":"BreadcrumbList","@id":"https:\/\/sapiancetransition.com\/index.php\/qui-sommes-nous\/#breadcrumb","itemListElement":[{"@type":"ListItem","position":1,"name":"Accueil","item":"https:\/\/sapiancetransition.com\/"},{"@type":"ListItem","position":2,"name":"Qui sommes-nous?"}]}]}},"_links":{"self":[{"href":"https:\/\/sapiancetransition.com\/index.php\/wp-json\/wp\/v2\/pages\/368","targetHints":{"allow":["GET"]}}],"collection":[{"href":"https:\/\/sapiancetransition.com\/index.php\/wp-json\/wp\/v2\/pages"}],"about":[{"href":"https:\/\/sapiancetransition.com\/index.php\/wp-json\/wp\/v2\/types\/page"}],"author":[{"embeddable":true,"href":"https:\/\/sapiancetransition.com\/index.php\/wp-json\/wp\/v2\/users\/1"}],"replies":[{"embeddable":true,"href":"https:\/\/sapiancetransition.com\/index.php\/wp-json\/wp\/v2\/comments?post=368"}],"version-history":[{"count":13,"href":"https:\/\/sapiancetransition.com\/index.php\/wp-json\/wp\/v2\/pages\/368\/revisions"}],"predecessor-version":[{"id":548,"href":"https:\/\/sapiancetransition.com\/index.php\/wp-json\/wp\/v2\/pages\/368\/revisions\/548"}],"wp:attachment":[{"href":"https:\/\/sapiancetransition.com\/index.php\/wp-json\/wp\/v2\/media?parent=368"}],"curies":[{"name":"wp","href":"https:\/\/api.w.org\/{rel}","templated":true}]}}