{"id":308,"date":"2020-01-13T11:17:52","date_gmt":"2020-01-13T11:17:52","guid":{"rendered":"https:\/\/demosites.io\/web-agency-gb\/?page_id=5"},"modified":"2022-06-24T09:59:46","modified_gmt":"2022-06-24T07:59:46","slug":"15c42-web-agency-gb-home","status":"publish","type":"page","link":"https:\/\/sapiancetransition.com\/","title":{"rendered":"Home"},"content":{"rendered":"\n<p><\/p>\n\n\n\n<div class=\"wp-block-cover alignfull is-light\" style=\"min-height:700px;aspect-ratio:unset;\"><span aria-hidden=\"true\" class=\"wp-block-cover__background has-background-dim-0 has-background-dim\"><\/span><div class=\"wp-block-cover__inner-container is-layout-flow wp-block-cover-is-layout-flow\">\n<div class=\"wp-block-columns is-layout-flex wp-container-core-columns-is-layout-9d6595d7 wp-block-columns-is-layout-flex\">\n<div class=\"wp-block-column is-layout-flow wp-block-column-is-layout-flow\" style=\"flex-basis:100%\">\n<div class=\"wp-block-columns is-layout-flex wp-container-core-columns-is-layout-9d6595d7 wp-block-columns-is-layout-flex\">\n<div class=\"wp-block-column is-layout-flow wp-block-column-is-layout-flow\" style=\"flex-basis:100%\">\n<h3 class=\"alignwide has-text-align-center wp-block-heading\">Sapiance Transition, une nouvelle marque du groupe <a href=\"http:\/\/www.sapiancerh.com\">Sapiance <\/a><\/h3>\n\n\n<div class=\"wp-block-image\">\n<figure class=\"aligncenter size-large is-resized\"><a href=\"https:\/\/sapiancerh.com\/\"><img loading=\"lazy\" decoding=\"async\" src=\"https:\/\/sapiancetransition.com\/wp-content\/uploads\/2022\/06\/logo-sapiance-1024x407.jpg\" alt=\"\" class=\"wp-image-531\" width=\"165\" height=\"65\" srcset=\"https:\/\/sapiancetransition.com\/wp-content\/uploads\/2022\/06\/logo-sapiance-1024x407.jpg 1024w, https:\/\/sapiancetransition.com\/wp-content\/uploads\/2022\/06\/logo-sapiance-300x119.jpg 300w, https:\/\/sapiancetransition.com\/wp-content\/uploads\/2022\/06\/logo-sapiance-768x305.jpg 768w, https:\/\/sapiancetransition.com\/wp-content\/uploads\/2022\/06\/logo-sapiance-1536x610.jpg 1536w, https:\/\/sapiancetransition.com\/wp-content\/uploads\/2022\/06\/logo-sapiance.jpg 1641w\" sizes=\"auto, (max-width: 165px) 100vw, 165px\" \/><\/a><\/figure>\n<\/div><\/div>\n<\/div>\n<\/div>\n<\/div>\n\n\n\n<figure class=\"wp-block-video alignfull\"><video height=\"850\" style=\"aspect-ratio: 1920 \/ 850;\" width=\"1920\" autoplay preload=\"auto\" src=\"https:\/\/sapiancetransition.com\/wp-content\/uploads\/2022\/06\/Sapiance_Header.mp4\"><\/video><\/figure>\n<\/div><\/div>\n\n\n\n<div class=\"wp-block-columns is-layout-flex wp-container-core-columns-is-layout-9d6595d7 wp-block-columns-is-layout-flex\">\n<div class=\"wp-block-column is-layout-flow wp-block-column-is-layout-flow\" style=\"flex-basis:100%\">\n<figure class=\"wp-block-image size-full\"><img loading=\"lazy\" decoding=\"async\" width=\"72\" height=\"62\" src=\"https:\/\/sapiancetransition.com\/wp-content\/uploads\/2022\/06\/Capturebleue.jpg\" alt=\"\" class=\"wp-image-465\"\/><\/figure>\n\n\n\n<div class=\"wp-block-group\"><div class=\"wp-block-group__inner-container is-layout-flow wp-block-group-is-layout-flow\">\n<blockquote class=\"wp-block-quote is-style-default has-text-color is-layout-flow wp-block-quote-is-layout-flow\" style=\"color:#121212\"><p><strong>Constamment sollicit\u00e9 par nos clients &amp; partenaires pour les accompagner sur des missions de Management de Transition, nous proposons d\u00e9sormais en compl\u00e9ment de l\u2019activit\u00e9 de recrutement une offre d\u00e9di\u00e9e \u00e0 l&rsquo;executive interim<\/strong><\/p><\/blockquote>\n<\/div><\/div>\n<\/div>\n<\/div>\n\n\n\n<div class=\"wp-block-columns is-layout-flex wp-container-core-columns-is-layout-9d6595d7 wp-block-columns-is-layout-flex\">\n<div class=\"wp-block-column is-layout-flow wp-block-column-is-layout-flow\"><div class=\"wp-block-image icon-style is-style-rounded\">\n<figure class=\"aligncenter size-full\"><img loading=\"lazy\" decoding=\"async\" width=\"68\" height=\"96\" src=\"https:\/\/sapiancetransition.com\/wp-content\/uploads\/2022\/06\/icone-site2.jpg\" alt=\"\" class=\"wp-image-377\" title=\"\"\/><\/figure>\n<\/div>\n\n\n<h3 class=\"has-text-align-center is-style-default has-neve-text-color-color has-text-color wp-block-heading\">Pour qui ?<\/h3>\n\n\n\n<p class=\"has-text-align-center\">Notre vision du management de transition se d\u00e9finit&nbsp; comme la possibilit\u00e9 pour les entreprises de \u201cb\u00e9n\u00e9ficier, dans un d\u00e9lai court et pour une dur\u00e9e d\u00e9termin\u00e9e, de comp\u00e9tences manag\u00e9riales op\u00e9rationnelles hautement qualifi\u00e9es pour faire face \u00e0 des situations particuli\u00e8res\u201d. Il est en r\u00e9alit\u00e9 accessible \u00e0 tous les profils confirm\u00e9s justifiant d&rsquo;exp\u00e9riences manag\u00e9riales.<\/p>\n\n\n\n<div style=\"height:20px\" aria-hidden=\"true\" class=\"wp-block-spacer\"><\/div>\n<\/div>\n\n\n\n<div class=\"wp-block-column is-layout-flow wp-block-column-is-layout-flow\"><div class=\"wp-block-image icon-style is-style-rounded\">\n<figure class=\"aligncenter size-full\"><img loading=\"lazy\" decoding=\"async\" width=\"68\" height=\"96\" src=\"https:\/\/sapiancetransition.com\/wp-content\/uploads\/2022\/06\/icone-site2.jpg\" alt=\"\" class=\"wp-image-377\" title=\"\"\/><\/figure>\n<\/div>\n\n\n<h3 class=\"has-text-align-center has-neve-text-color-color has-text-color wp-block-heading\">Pour quoi ?<\/h3>\n\n\n\n<p class=\"has-text-align-center\">Nous avons l&rsquo;intime conviction que l\u2019executive interim management est devenue la seule r\u00e9ponse, dans un environnement volatil en capacit\u00e9 de r\u00e9pondre de mani\u00e8re pertinente &amp; rapide \u00e0 des enjeux de transformation strat\u00e9giques.<\/p>\n\n\n\n<div style=\"height:20px\" aria-hidden=\"true\" class=\"wp-block-spacer\"><\/div>\n<\/div>\n\n\n\n<div class=\"wp-block-column is-layout-flow wp-block-column-is-layout-flow\"><div class=\"wp-block-image icon-style is-style-rounded\">\n<figure class=\"aligncenter size-full\"><img loading=\"lazy\" decoding=\"async\" width=\"68\" height=\"96\" src=\"https:\/\/sapiancetransition.com\/wp-content\/uploads\/2022\/06\/icone-site2.jpg\" alt=\"\" class=\"wp-image-377\" title=\"\"\/><\/figure>\n<\/div>\n\n\n<h3 class=\"has-text-align-center has-neve-text-color-color has-text-color wp-block-heading\">Comment ?<\/h3>\n\n\n\n<p class=\"has-text-align-center\">Il intervient en s\u2019int\u00e9grant hi\u00e9rarchiquement \u00e0 l\u2019organigramme ou en mode projet, en soutien de l\u2019organisation existante.<\/p>\n\n\n\n<div style=\"height:20px\" aria-hidden=\"true\" class=\"wp-block-spacer\"><\/div>\n<\/div>\n<\/div>\n\n\n\n<div class=\"wp-block-media-text alignfull is-stacked-on-mobile is-vertically-aligned-center has-nv-light-bg-background-color has-background\"><figure class=\"wp-block-media-text__media\"><img loading=\"lazy\" decoding=\"async\" width=\"814\" height=\"423\" src=\"https:\/\/sapiancetransition.com\/wp-content\/uploads\/2022\/06\/Plan-site.jpg\" alt=\"\" class=\"wp-image-383 size-full\" srcset=\"https:\/\/sapiancetransition.com\/wp-content\/uploads\/2022\/06\/Plan-site.jpg 814w, https:\/\/sapiancetransition.com\/wp-content\/uploads\/2022\/06\/Plan-site-300x156.jpg 300w, https:\/\/sapiancetransition.com\/wp-content\/uploads\/2022\/06\/Plan-site-768x399.jpg 768w\" sizes=\"auto, (max-width: 814px) 100vw, 814px\" \/><\/figure><div class=\"wp-block-media-text__content\">\n<p class=\"has-medium-font-size\"><strong>Rencontrons-nous !<\/strong><\/p>\n\n\n\n<ul class=\"wp-block-social-links has-large-icon-size is-layout-flex wp-block-social-links-is-layout-flex\"><li class=\"wp-social-link wp-social-link-linkedin  wp-block-social-link\"><a href=\"https:\/\/www.linkedin.com\/company\/sapiance-transition\/?viewAsMember=true\" class=\"wp-block-social-link-anchor\"><svg width=\"24\" height=\"24\" viewBox=\"0 0 24 24\" version=\"1.1\" xmlns=\"http:\/\/www.w3.org\/2000\/svg\" aria-hidden=\"true\" focusable=\"false\"><path d=\"M19.7,3H4.3C3.582,3,3,3.582,3,4.3v15.4C3,20.418,3.582,21,4.3,21h15.4c0.718,0,1.3-0.582,1.3-1.3V4.3 C21,3.582,20.418,3,19.7,3z M8.339,18.338H5.667v-8.59h2.672V18.338z M7.004,8.574c-0.857,0-1.549-0.694-1.549-1.548 c0-0.855,0.691-1.548,1.549-1.548c0.854,0,1.547,0.694,1.547,1.548C8.551,7.881,7.858,8.574,7.004,8.574z M18.339,18.338h-2.669 v-4.177c0-0.996-0.017-2.278-1.387-2.278c-1.389,0-1.601,1.086-1.601,2.206v4.249h-2.667v-8.59h2.559v1.174h0.037 c0.356-0.675,1.227-1.387,2.526-1.387c2.703,0,3.203,1.779,3.203,4.092V18.338z\"><\/path><\/svg><span class=\"wp-block-social-link-label screen-reader-text\">LinkedIn<\/span><\/a><\/li><\/ul>\n\n\n\n<p><\/p>\n<\/div><\/div>\n\n\n\n<p><\/p>\n","protected":false},"excerpt":{"rendered":"<p>Constamment sollicit\u00e9 par nos clients &amp; partenaires pour les accompagner sur des missions de Management de Transition, nous proposons d\u00e9sormais en compl\u00e9ment de l\u2019activit\u00e9 de recrutement une offre d\u00e9di\u00e9e \u00e0 l&rsquo;executive interim Pour qui ? Notre vision du management de transition se d\u00e9finit&nbsp; comme la possibilit\u00e9 pour les entreprises de \u201cb\u00e9n\u00e9ficier, dans un d\u00e9lai court&hellip;&nbsp;<a href=\"https:\/\/sapiancetransition.com\/\" class=\"\" rel=\"bookmark\">Lire la suite &raquo;<span class=\"screen-reader-text\">Home<\/span><\/a><\/p>\n","protected":false},"author":1,"featured_media":400,"parent":0,"menu_order":0,"comment_status":"closed","ping_status":"closed","template":"","meta":{"neve_meta_sidebar":"default","neve_meta_container":"default","neve_meta_enable_content_width":"on","neve_meta_content_width":100,"neve_meta_title_alignment":"","neve_meta_author_avatar":"","neve_post_elements_order":"","neve_meta_disable_header":"","neve_meta_disable_footer":"","neve_meta_disable_title":"on","_ti_tpc_template_sync":false,"_ti_tpc_template_id":"cwhkd9lki581rusuhjti","footnotes":""},"class_list":["post-308","page","type-page","status-publish","has-post-thumbnail","hentry"],"yoast_head":"<!-- This site is optimized with the Yoast SEO plugin v19.1 - https:\/\/yoast.com\/wordpress\/plugins\/seo\/ -->\n<title>Home -<\/title>\n<meta name=\"robots\" content=\"index, follow, max-snippet:-1, max-image-preview:large, max-video-preview:-1\" \/>\n<link rel=\"canonical\" href=\"https:\/\/sapiancetransition.com\/\" \/>\n<meta property=\"og:locale\" content=\"fr_FR\" \/>\n<meta property=\"og:type\" content=\"article\" \/>\n<meta property=\"og:title\" content=\"Home -\" \/>\n<meta property=\"og:description\" content=\"Constamment sollicit\u00e9 par nos clients &amp; partenaires pour les accompagner sur des missions de Management de Transition, nous proposons d\u00e9sormais en compl\u00e9ment de l\u2019activit\u00e9 de recrutement une offre d\u00e9di\u00e9e \u00e0 l&rsquo;executive interim Pour qui ? Notre vision du management de transition se d\u00e9finit&nbsp; comme la possibilit\u00e9 pour les entreprises de \u201cb\u00e9n\u00e9ficier, dans un d\u00e9lai court&hellip;&nbsp;Lire la suite &raquo;Home\" \/>\n<meta property=\"og:url\" content=\"https:\/\/sapiancetransition.com\/\" \/>\n<meta property=\"article:modified_time\" content=\"2022-06-24T07:59:46+00:00\" \/>\n<meta property=\"og:image\" content=\"https:\/\/sapiancetransition.com\/wp-content\/uploads\/2022\/06\/SAPIANCE_moderne_fond_171221.jpg\" \/>\n\t<meta property=\"og:image:width\" content=\"1920\" \/>\n\t<meta property=\"og:image:height\" content=\"1080\" \/>\n\t<meta property=\"og:image:type\" content=\"image\/jpeg\" \/>\n<meta name=\"twitter:card\" content=\"summary_large_image\" \/>\n<meta name=\"twitter:label1\" content=\"Dur\u00e9e de lecture estim\u00e9e\" \/>\n\t<meta name=\"twitter:data1\" content=\"1 minute\" \/>\n<script type=\"application\/ld+json\" class=\"yoast-schema-graph\">{\"@context\":\"https:\/\/schema.org\",\"@graph\":[{\"@type\":\"Organization\",\"@id\":\"https:\/\/sapiancetransition.com\/#organization\",\"name\":\"Sapiance Transition\",\"url\":\"https:\/\/sapiancetransition.com\/\",\"sameAs\":[\"https:\/\/www.linkedin.com\/company\/sapiance-transition\/about\/?viewAsMember=true\"],\"logo\":{\"@type\":\"ImageObject\",\"inLanguage\":\"fr-FR\",\"@id\":\"https:\/\/sapiancetransition.com\/#\/schema\/logo\/image\/\",\"url\":\"https:\/\/sapiancetransition.com\/wp-content\/uploads\/2023\/02\/Logo-Sapiance-transition.jpg\",\"contentUrl\":\"https:\/\/sapiancetransition.com\/wp-content\/uploads\/2023\/02\/Logo-Sapiance-transition.jpg\",\"width\":2424,\"height\":612,\"caption\":\"Sapiance Transition\"},\"image\":{\"@id\":\"https:\/\/sapiancetransition.com\/#\/schema\/logo\/image\/\"}},{\"@type\":\"WebSite\",\"@id\":\"https:\/\/sapiancetransition.com\/#website\",\"url\":\"https:\/\/sapiancetransition.com\/\",\"name\":\"\",\"description\":\"Tout l&#039;esprit de Sapiance au service du management de Transition\",\"publisher\":{\"@id\":\"https:\/\/sapiancetransition.com\/#organization\"},\"potentialAction\":[{\"@type\":\"SearchAction\",\"target\":{\"@type\":\"EntryPoint\",\"urlTemplate\":\"https:\/\/sapiancetransition.com\/?s={search_term_string}\"},\"query-input\":\"required name=search_term_string\"}],\"inLanguage\":\"fr-FR\"},{\"@type\":\"ImageObject\",\"inLanguage\":\"fr-FR\",\"@id\":\"https:\/\/sapiancetransition.com\/#primaryimage\",\"url\":\"https:\/\/sapiancetransition.com\/wp-content\/uploads\/2022\/06\/SAPIANCE_moderne_fond_171221.jpg\",\"contentUrl\":\"https:\/\/sapiancetransition.com\/wp-content\/uploads\/2022\/06\/SAPIANCE_moderne_fond_171221.jpg\",\"width\":1920,\"height\":1080},{\"@type\":\"WebPage\",\"@id\":\"https:\/\/sapiancetransition.com\/#webpage\",\"url\":\"https:\/\/sapiancetransition.com\/\",\"name\":\"Home -\",\"isPartOf\":{\"@id\":\"https:\/\/sapiancetransition.com\/#website\"},\"primaryImageOfPage\":{\"@id\":\"https:\/\/sapiancetransition.com\/#primaryimage\"},\"datePublished\":\"2020-01-13T11:17:52+00:00\",\"dateModified\":\"2022-06-24T07:59:46+00:00\",\"breadcrumb\":{\"@id\":\"https:\/\/sapiancetransition.com\/#breadcrumb\"},\"inLanguage\":\"fr-FR\",\"potentialAction\":[{\"@type\":\"ReadAction\",\"target\":[\"https:\/\/sapiancetransition.com\/\"]}]},{\"@type\":\"BreadcrumbList\",\"@id\":\"https:\/\/sapiancetransition.com\/#breadcrumb\",\"itemListElement\":[{\"@type\":\"ListItem\",\"position\":1,\"name\":\"Accueil\",\"item\":\"https:\/\/sapiancetransition.com\/\"},{\"@type\":\"ListItem\",\"position\":2,\"name\":\"Home\"}]}]}<\/script>\n<!-- \/ Yoast SEO plugin. -->","yoast_head_json":{"title":"Home -","robots":{"index":"index","follow":"follow","max-snippet":"max-snippet:-1","max-image-preview":"max-image-preview:large","max-video-preview":"max-video-preview:-1"},"canonical":"https:\/\/sapiancetransition.com\/","og_locale":"fr_FR","og_type":"article","og_title":"Home -","og_description":"Constamment sollicit\u00e9 par nos clients &amp; partenaires pour les accompagner sur des missions de Management de Transition, nous proposons d\u00e9sormais en compl\u00e9ment de l\u2019activit\u00e9 de recrutement une offre d\u00e9di\u00e9e \u00e0 l&rsquo;executive interim Pour qui ? Notre vision du management de transition se d\u00e9finit&nbsp; comme la possibilit\u00e9 pour les entreprises de \u201cb\u00e9n\u00e9ficier, dans un d\u00e9lai court&hellip;&nbsp;Lire la suite &raquo;Home","og_url":"https:\/\/sapiancetransition.com\/","article_modified_time":"2022-06-24T07:59:46+00:00","og_image":[{"width":1920,"height":1080,"url":"https:\/\/sapiancetransition.com\/wp-content\/uploads\/2022\/06\/SAPIANCE_moderne_fond_171221.jpg","type":"image\/jpeg"}],"twitter_card":"summary_large_image","twitter_misc":{"Dur\u00e9e de lecture estim\u00e9e":"1 minute"},"schema":{"@context":"https:\/\/schema.org","@graph":[{"@type":"Organization","@id":"https:\/\/sapiancetransition.com\/#organization","name":"Sapiance Transition","url":"https:\/\/sapiancetransition.com\/","sameAs":["https:\/\/www.linkedin.com\/company\/sapiance-transition\/about\/?viewAsMember=true"],"logo":{"@type":"ImageObject","inLanguage":"fr-FR","@id":"https:\/\/sapiancetransition.com\/#\/schema\/logo\/image\/","url":"https:\/\/sapiancetransition.com\/wp-content\/uploads\/2023\/02\/Logo-Sapiance-transition.jpg","contentUrl":"https:\/\/sapiancetransition.com\/wp-content\/uploads\/2023\/02\/Logo-Sapiance-transition.jpg","width":2424,"height":612,"caption":"Sapiance Transition"},"image":{"@id":"https:\/\/sapiancetransition.com\/#\/schema\/logo\/image\/"}},{"@type":"WebSite","@id":"https:\/\/sapiancetransition.com\/#website","url":"https:\/\/sapiancetransition.com\/","name":"","description":"Tout l&#039;esprit de Sapiance au service du management de Transition","publisher":{"@id":"https:\/\/sapiancetransition.com\/#organization"},"potentialAction":[{"@type":"SearchAction","target":{"@type":"EntryPoint","urlTemplate":"https:\/\/sapiancetransition.com\/?s={search_term_string}"},"query-input":"required name=search_term_string"}],"inLanguage":"fr-FR"},{"@type":"ImageObject","inLanguage":"fr-FR","@id":"https:\/\/sapiancetransition.com\/#primaryimage","url":"https:\/\/sapiancetransition.com\/wp-content\/uploads\/2022\/06\/SAPIANCE_moderne_fond_171221.jpg","contentUrl":"https:\/\/sapiancetransition.com\/wp-content\/uploads\/2022\/06\/SAPIANCE_moderne_fond_171221.jpg","width":1920,"height":1080},{"@type":"WebPage","@id":"https:\/\/sapiancetransition.com\/#webpage","url":"https:\/\/sapiancetransition.com\/","name":"Home -","isPartOf":{"@id":"https:\/\/sapiancetransition.com\/#website"},"primaryImageOfPage":{"@id":"https:\/\/sapiancetransition.com\/#primaryimage"},"datePublished":"2020-01-13T11:17:52+00:00","dateModified":"2022-06-24T07:59:46+00:00","breadcrumb":{"@id":"https:\/\/sapiancetransition.com\/#breadcrumb"},"inLanguage":"fr-FR","potentialAction":[{"@type":"ReadAction","target":["https:\/\/sapiancetransition.com\/"]}]},{"@type":"BreadcrumbList","@id":"https:\/\/sapiancetransition.com\/#breadcrumb","itemListElement":[{"@type":"ListItem","position":1,"name":"Accueil","item":"https:\/\/sapiancetransition.com\/"},{"@type":"ListItem","position":2,"name":"Home"}]}]}},"_links":{"self":[{"href":"https:\/\/sapiancetransition.com\/index.php\/wp-json\/wp\/v2\/pages\/308","targetHints":{"allow":["GET"]}}],"collection":[{"href":"https:\/\/sapiancetransition.com\/index.php\/wp-json\/wp\/v2\/pages"}],"about":[{"href":"https:\/\/sapiancetransition.com\/index.php\/wp-json\/wp\/v2\/types\/page"}],"author":[{"embeddable":true,"href":"https:\/\/sapiancetransition.com\/index.php\/wp-json\/wp\/v2\/users\/1"}],"replies":[{"embeddable":true,"href":"https:\/\/sapiancetransition.com\/index.php\/wp-json\/wp\/v2\/comments?post=308"}],"version-history":[{"count":25,"href":"https:\/\/sapiancetransition.com\/index.php\/wp-json\/wp\/v2\/pages\/308\/revisions"}],"predecessor-version":[{"id":553,"href":"https:\/\/sapiancetransition.com\/index.php\/wp-json\/wp\/v2\/pages\/308\/revisions\/553"}],"wp:featuredmedia":[{"embeddable":true,"href":"https:\/\/sapiancetransition.com\/index.php\/wp-json\/wp\/v2\/media\/400"}],"wp:attachment":[{"href":"https:\/\/sapiancetransition.com\/index.php\/wp-json\/wp\/v2\/media?parent=308"}],"curies":[{"name":"wp","href":"https:\/\/api.w.org\/{rel}","templated":true}]}}